{"id":8264,"date":"2025-09-24T15:51:26","date_gmt":"2025-09-24T15:51:26","guid":{"rendered":"https:\/\/kongresstomatologasrbijesks.rs\/?page_id=8264"},"modified":"2025-10-02T08:17:50","modified_gmt":"2025-10-02T08:17:50","slug":"svecana-vecara","status":"publish","type":"page","link":"https:\/\/kongresstomatologasrbijesks.rs\/en\/svecana-vecara\/","title":{"rendered":"SVE\u010cANA VE\u010cARA"},"content":{"rendered":"<div data-elementor-type=\"wp-page\" data-elementor-id=\"8264\" class=\"elementor elementor-8264\" data-elementor-settings=\"{&quot;ha_cmc_init_switcher&quot;:&quot;no&quot;}\">\n\t\t\t\t<div class=\"elementor-element elementor-element-7e652276 e-flex e-con-boxed e-con e-parent\" data-id=\"7e652276\" data-element_type=\"container\" data-settings=\"{&quot;background_background&quot;:&quot;classic&quot;,&quot;_ha_eqh_enable&quot;:false}\">\n\t\t\t\t\t<div class=\"e-con-inner\">\n\t\t\t\t<div class=\"elementor-element elementor-element-3d01ce84 elementor-widget elementor-widget-spacer\" data-id=\"3d01ce84\" data-element_type=\"widget\" data-widget_type=\"spacer.default\">\n\t\t\t\t<div class=\"elementor-widget-container\">\n\t\t\t<style>\/*! elementor - v3.23.0 - 05-08-2024 *\/\n.elementor-column .elementor-spacer-inner{height:var(--spacer-size)}.e-con{--container-widget-width:100%}.e-con-inner>.elementor-widget-spacer,.e-con>.elementor-widget-spacer{width:var(--container-widget-width,var(--spacer-size));--align-self:var(--container-widget-align-self,initial);--flex-shrink:0}.e-con-inner>.elementor-widget-spacer>.elementor-widget-container,.e-con>.elementor-widget-spacer>.elementor-widget-container{height:100%;width:100%}.e-con-inner>.elementor-widget-spacer>.elementor-widget-container>.elementor-spacer,.e-con>.elementor-widget-spacer>.elementor-widget-container>.elementor-spacer{height:100%}.e-con-inner>.elementor-widget-spacer>.elementor-widget-container>.elementor-spacer>.elementor-spacer-inner,.e-con>.elementor-widget-spacer>.elementor-widget-container>.elementor-spacer>.elementor-spacer-inner{height:var(--container-widget-height,var(--spacer-size))}.e-con-inner>.elementor-widget-spacer.elementor-widget-empty,.e-con>.elementor-widget-spacer.elementor-widget-empty{position:relative;min-height:22px;min-width:22px}.e-con-inner>.elementor-widget-spacer.elementor-widget-empty .elementor-widget-empty-icon,.e-con>.elementor-widget-spacer.elementor-widget-empty .elementor-widget-empty-icon{position:absolute;top:0;bottom:0;left:0;right:0;margin:auto;padding:0;width:22px;height:22px}<\/style>\t\t<div class=\"elementor-spacer\">\n\t\t\t<div class=\"elementor-spacer-inner\"><\/div>\n\t\t<\/div>\n\t\t\t\t<\/div>\n\t\t\t\t<\/div>\n\t\t\t\t<div class=\"elementor-element elementor-element-1afdeac1 elementor-hidden-mobile elementor-widget elementor-widget-heading\" data-id=\"1afdeac1\" data-element_type=\"widget\" data-widget_type=\"heading.default\">\n\t\t\t\t<div class=\"elementor-widget-container\">\n\t\t\t<style>\/*! elementor - v3.23.0 - 05-08-2024 *\/\n.elementor-heading-title{padding:0;margin:0;line-height:1}.elementor-widget-heading .elementor-heading-title[class*=elementor-size-]>a{color:inherit;font-size:inherit;line-height:inherit}.elementor-widget-heading .elementor-heading-title.elementor-size-small{font-size:15px}.elementor-widget-heading .elementor-heading-title.elementor-size-medium{font-size:19px}.elementor-widget-heading .elementor-heading-title.elementor-size-large{font-size:29px}.elementor-widget-heading .elementor-heading-title.elementor-size-xl{font-size:39px}.elementor-widget-heading .elementor-heading-title.elementor-size-xxl{font-size:59px}<\/style><h1 class=\"elementor-heading-title elementor-size-default\">GALA DINNER<\/h1>\t\t<\/div>\n\t\t\t\t<\/div>\n\t\t\t\t<div class=\"elementor-element elementor-element-761b6ebf elementor-hidden-desktop elementor-hidden-tablet elementor-widget elementor-widget-heading\" data-id=\"761b6ebf\" data-element_type=\"widget\" data-widget_type=\"heading.default\">\n\t\t\t\t<div class=\"elementor-widget-container\">\n\t\t\t<h1 class=\"elementor-heading-title elementor-size-default\">GALA DINNER<\/h1>\t\t<\/div>\n\t\t\t\t<\/div>\n\t\t\t\t\t<\/div>\n\t\t\t\t<\/div>\n\t\t<div class=\"elementor-element elementor-element-2e8474c e-flex e-con-boxed e-con e-parent\" data-id=\"2e8474c\" data-element_type=\"container\" data-settings=\"{&quot;background_background&quot;:&quot;classic&quot;,&quot;_ha_eqh_enable&quot;:false}\">\n\t\t\t\t\t<div class=\"e-con-inner\">\n\t\t\t\t<div class=\"elementor-element elementor-element-e644dc2 elementor-hidden-mobile elementor-widget elementor-widget-spacer\" data-id=\"e644dc2\" data-element_type=\"widget\" data-widget_type=\"spacer.default\">\n\t\t\t\t<div class=\"elementor-widget-container\">\n\t\t\t\t\t<div class=\"elementor-spacer\">\n\t\t\t<div class=\"elementor-spacer-inner\"><\/div>\n\t\t<\/div>\n\t\t\t\t<\/div>\n\t\t\t\t<\/div>\n\t\t\t\t<div class=\"elementor-element elementor-element-ececa51 elementor-widget elementor-widget-html\" data-id=\"ececa51\" data-element_type=\"widget\" data-widget_type=\"html.default\">\n\t\t\t\t<div class=\"elementor-widget-container\">\n\t\t\t<!DOCTYPE html>\n<html lang=\"hr\">\n<head>\n    <meta charset=\"UTF-8\">\n    <meta name=\"viewport\" content=\"width=device-width, initial-scale=1.0\">\n    <title>Pozivnica<\/title>\n    <link href=\"https:\/\/fonts.googleapis.com\/css2?family=Montserrat:wght@400;700&display=swap\" rel=\"stylesheet\">\n    <style>\n        .invitation-card-wrapper {\n            width: 100%;\n            box-sizing: border-box;\n            display: flex;\n            justify-content: center;\n            padding: 20px;\n        }\n        .invitation-card {\n            width: 100%;\n            max-width: 600px;\n            background-color: #361A33;\n            border-radius: 10px;\n            box-shadow: 0 8px 16px rgba(0, 0, 0, 0.2);\n            overflow: hidden;\n            font-family: 'Montserrat', Arial, sans-serif;\n            padding-top: 5px;\n        }\n        .invitation-card__content {\n            display: flex;\n            flex-direction: column;\n            align-items: center;\n            font-family: 'Montserrat', Arial, sans-serif;\n            background-color: #361A33;\n        }\n        .invitation-card__image {\n            width: 100%;\n            height: auto;\n            object-fit: cover;\n            display: block;\n            background-color: #f0f0f0;\n            border-radius: 10px 10px 0 0;\n            margin: 0;\n        }\n        .invitation-card__pricing {\n            font-size: 0.9em;\n            color: #ffffff;\n            text-align: center;\n            padding: 15px 20px;\n            line-height: 1.3;\n        }\n        .invitation-card__pricing .money-icon {\n            margin-right: 5px;\n        }\n        .invitation-card__pricing .email-info {\n            font-size: 1.1em; \/* Ve\u0107i font za ovaj red *\/\n            color: #ffffff;\n        }\n        .invitation-card__pricing .email-link {\n            color: #FFD700;\n            text-decoration: none;\n        }\n        .invitation-card__pricing .email-link:hover {\n            text-decoration: underline;\n        }\n        .invitation-card__divider {\n            width: 80%;\n            border: 0;\n            height: 1px;\n            background-color: #FFD700;\n            margin: 10px 0;\n        }\n        .invitation-card__button {\n            display: inline-flex;\n            align-items: center;\n            padding: 10px 20px;\n            background-color: transparent;\n            color: #ffffff;\n            text-decoration: none;\n            border: 2px solid #FFD700;\n            border-radius: 5px;\n            font-family: 'Montserrat', Arial, sans-serif;\n            font-weight: 400;\n            white-space: nowrap;\n            margin: 10px 0;\n        }\n        .invitation-card__button:hover {\n            background-color: #2a1428;\n        }\n        .invitation-card__button .email-icon {\n            margin-right: 8px;\n            font-size: 1.2em;\n        }\n        @media (max-width: 600px) {\n            .invitation-card {\n                box-shadow: 0 6px 12px rgba(0, 0, 0, 0.2);\n            }\n            .invitation-card__image {\n                width: 100%;\n                border-radius: 10px 10px 0 0;\n            }\n            .invitation-card__pricing {\n                font-size: 0.8em;\n                padding: 10px 15px;\n            }\n            .invitation-card__pricing .email-info {\n                font-size: 1em; \/* Ve\u0107i font za mobilne *\/\n            }\n            .invitation-card__button {\n                padding: 8px 16px;\n                font-size: 0.9em;\n            }\n        }\n    <\/style>\n<\/head>\n<body>\n    <div class=\"invitation-card-wrapper\">\n        <div class=\"invitation-card\">\n            <div class=\"invitation-card__content\">\n                <img src=\"https:\/\/kongresstomatologasrbijesks.rs\/wp-content\/uploads\/2025\/09\/2025_KSS_pozivnica_200x100mm_SR.jpg\" alt=\"Doga\u0111aj slika\" class=\"invitation-card__image\" onerror=\"this.src='https:\/\/via.placeholder.com\/600x300\/cccccc\/000000?text=Fallback+Image'\">\n                <div class=\"invitation-card__pricing\">\n                    <p><span class=\"money-icon\">\ud83d\udcb0<\/span> The price of the gala dinner is 3500.00 RSD for congress participants who have paid the registration fee<\/p>\n                    <p><span class=\"money-icon\">\ud83d\udcb0<\/span> The price of the dinner for persons who do not have a paid registration fee is 7200.00 RSD<\/p>\n                    <p class=\"email-info\">For registrations and more information, send an email <a href=\"mailto:stomkongres@miross.rs\" class=\"email-link\">stomkongres@miross.rs<\/a><\/p>\n                <\/div>\n                <hr class=\"invitation-card__divider\">\n                <a href=\"mailto:stomkongres@miross.rs\" class=\"invitation-card__button\">\n                    <span class=\"email-icon\">\u2709\ufe0f<\/span> Registration\n                <\/a>\n            <\/div>\n        <\/div>\n    <\/div>\n<\/body>\n<\/html>\t\t<\/div>\n\t\t\t\t<\/div>\n\t\t\t\t<div class=\"elementor-element elementor-element-2460962 elementor-widget elementor-widget-spacer\" data-id=\"2460962\" data-element_type=\"widget\" data-widget_type=\"spacer.default\">\n\t\t\t\t<div class=\"elementor-widget-container\">\n\t\t\t\t\t<div class=\"elementor-spacer\">\n\t\t\t<div class=\"elementor-spacer-inner\"><\/div>\n\t\t<\/div>\n\t\t\t\t<\/div>\n\t\t\t\t<\/div>\n\t\t\t\t\t<\/div>\n\t\t\t\t<\/div>\n\t\t\t\t<\/div>","protected":false},"excerpt":{"rendered":"<p>SVE\u010cANA VE\u010cERA SVE\u010cANA VE\u010cERA Pozivnica \ud83d\udcb0 Cena sve\u010dane ve\u010dere iznosi 3500,00 RSD za u\u010desnike kongresa koji imaju pla\u0107enu kotizaciju \ud83d\udcb0 Cena ve\u010dere za osobe koje nemaju pla\u0107enu kotizaciju iznosi 7200,00 RSD Za prijave i vi\u0161e informacija po\u0161aljite mail stomkongres@miross.rs \u2709\ufe0f Prijava<\/p>","protected":false},"author":1,"featured_media":0,"parent":0,"menu_order":0,"comment_status":"closed","ping_status":"closed","template":"elementor_canvas","meta":[],"_links":{"self":[{"href":"https:\/\/kongresstomatologasrbijesks.rs\/en\/wp-json\/wp\/v2\/pages\/8264"}],"collection":[{"href":"https:\/\/kongresstomatologasrbijesks.rs\/en\/wp-json\/wp\/v2\/pages"}],"about":[{"href":"https:\/\/kongresstomatologasrbijesks.rs\/en\/wp-json\/wp\/v2\/types\/page"}],"author":[{"embeddable":true,"href":"https:\/\/kongresstomatologasrbijesks.rs\/en\/wp-json\/wp\/v2\/users\/1"}],"replies":[{"embeddable":true,"href":"https:\/\/kongresstomatologasrbijesks.rs\/en\/wp-json\/wp\/v2\/comments?post=8264"}],"version-history":[{"count":19,"href":"https:\/\/kongresstomatologasrbijesks.rs\/en\/wp-json\/wp\/v2\/pages\/8264\/revisions"}],"predecessor-version":[{"id":8688,"href":"https:\/\/kongresstomatologasrbijesks.rs\/en\/wp-json\/wp\/v2\/pages\/8264\/revisions\/8688"}],"wp:attachment":[{"href":"https:\/\/kongresstomatologasrbijesks.rs\/en\/wp-json\/wp\/v2\/media?parent=8264"}],"curies":[{"name":"wp","href":"https:\/\/api.w.org\/{rel}","templated":true}]}}