{"id":8065,"date":"2025-09-22T13:54:19","date_gmt":"2025-09-22T13:54:19","guid":{"rendered":"https:\/\/kongresstomatologasrbijesks.rs\/?page_id=8065"},"modified":"2025-10-04T19:58:19","modified_gmt":"2025-10-04T19:58:19","slug":"webinar-11-10-2025","status":"publish","type":"page","link":"https:\/\/kongresstomatologasrbijesks.rs\/en\/webinar-11-10-2025\/","title":{"rendered":"WEBINAR 11.10.2025."},"content":{"rendered":"<div data-elementor-type=\"wp-page\" data-elementor-id=\"8065\" class=\"elementor elementor-8065\" data-elementor-settings=\"{&quot;ha_cmc_init_switcher&quot;:&quot;no&quot;}\">\n\t\t\t\t<div class=\"elementor-element elementor-element-769eaea9 e-flex e-con-boxed e-con e-parent\" data-id=\"769eaea9\" data-element_type=\"container\" data-settings=\"{&quot;background_background&quot;:&quot;gradient&quot;,&quot;_ha_eqh_enable&quot;:false}\">\n\t\t\t\t\t<div class=\"e-con-inner\">\n\t\t\t\t<div class=\"elementor-element elementor-element-6d2b96f4 elementor-hidden-mobile elementor-widget elementor-widget-heading\" data-id=\"6d2b96f4\" data-element_type=\"widget\" data-widget_type=\"heading.default\">\n\t\t\t\t<div class=\"elementor-widget-container\">\n\t\t\t<style>\/*! elementor - v3.23.0 - 05-08-2024 *\/\n.elementor-heading-title{padding:0;margin:0;line-height:1}.elementor-widget-heading .elementor-heading-title[class*=elementor-size-]>a{color:inherit;font-size:inherit;line-height:inherit}.elementor-widget-heading .elementor-heading-title.elementor-size-small{font-size:15px}.elementor-widget-heading .elementor-heading-title.elementor-size-medium{font-size:19px}.elementor-widget-heading .elementor-heading-title.elementor-size-large{font-size:29px}.elementor-widget-heading .elementor-heading-title.elementor-size-xl{font-size:39px}.elementor-widget-heading .elementor-heading-title.elementor-size-xxl{font-size:59px}<\/style><h1 class=\"elementor-heading-title elementor-size-default\">Webinar: Trends in Dentistry <br>Part 2<\/h1>\t\t<\/div>\n\t\t\t\t<\/div>\n\t\t\t\t<div class=\"elementor-element elementor-element-22f9ab54 elementor-hidden-desktop elementor-hidden-tablet elementor-widget elementor-widget-heading\" data-id=\"22f9ab54\" data-element_type=\"widget\" data-widget_type=\"heading.default\">\n\t\t\t\t<div class=\"elementor-widget-container\">\n\t\t\t<h1 class=\"elementor-heading-title elementor-size-default\">Webinar: Trends in Dentistry <br>Part 2<\/h1>\t\t<\/div>\n\t\t\t\t<\/div>\n\t\t\t\t\t<\/div>\n\t\t\t\t<\/div>\n\t\t<div class=\"elementor-element elementor-element-cf290c7 e-flex e-con-boxed e-con e-parent\" data-id=\"cf290c7\" data-element_type=\"container\" data-settings=\"{&quot;_ha_eqh_enable&quot;:false}\">\n\t\t\t\t\t<div class=\"e-con-inner\">\n\t\t\t\t\t<\/div>\n\t\t\t\t<\/div>\n\t\t<div class=\"elementor-element elementor-element-bc2b57c e-flex e-con-boxed e-con e-parent\" data-id=\"bc2b57c\" data-element_type=\"container\" data-settings=\"{&quot;_ha_eqh_enable&quot;:false}\">\n\t\t\t\t\t<div class=\"e-con-inner\">\n\t\t\t\t<div class=\"elementor-element elementor-element-02da8dc elementor-widget__width-initial elementor-widget elementor-widget-html\" data-id=\"02da8dc\" data-element_type=\"widget\" data-widget_type=\"html.default\">\n\t\t\t\t<div class=\"elementor-widget-container\">\n\t\t\t<!DOCTYPE html>\n<html lang=\"en\">\n<head>\n    <meta charset=\"UTF-8\">\n    <meta name=\"viewport\" content=\"width=device-width, initial-scale=1.0\">\n    <title>Event Schedule<\/title>\n    <style>\n        @import url('https:\/\/fonts.googleapis.com\/css2?family=Montserrat:wght@400;600;700&display=swap');\n\n        .event-schedule {\n            font-family: 'Montserrat', sans-serif;\n            background-color: #ffffff;\n            padding: 30px;\n            display: flex;\n            justify-content: center;\n            align-items: center;\n            min-height: 100vh;\n        }\n\n        .event-schedule .card {\n            background-color: #ffffff;\n            border-radius: 20px;\n            box-shadow: 0 10px 20px rgba(0, 0, 0, 0.08);\n            width: 90%;\n            margin: 30px auto;\n            overflow: hidden;\n        }\n\n        .event-schedule .card-header {\n            background: linear-gradient(135deg, #361a33, #6b4a66);\n            color: white;\n            padding: 30px;\n            text-align: center;\n        }\n\n        .event-schedule .card-header h1 {\n            margin: 0;\n            font-size: 2.8rem;\n            font-weight: 700;\n        }\n\n        .event-schedule .card-header p {\n            margin: 8px 0 0;\n            font-size: 1.4rem;\n            opacity: 0.9;\n        }\n\n        .event-schedule .card-content {\n            padding: 40px;\n        }\n\n        .event-schedule .event-card {\n            background-color: #fdfdfd;\n            border-radius: 15px;\n            padding: 20px;\n            margin-bottom: 20px;\n            transition: transform 0.3s ease, box-shadow 0.3s ease;\n            animation: fadeIn 0.5s ease-in-out;\n            position: relative;\n        }\n\n        .event-schedule .event-card:hover {\n            transform: translateY(-8px);\n            box-shadow: 0 6px 12px rgba(0, 0, 0, 0.1);\n            background-color: #f1e9f0;\n        }\n\n        .event-schedule .event-card .badge {\n            position: absolute;\n            bottom: 15px;\n            right: 15px;\n            background-color: #e6d9e3;\n            color: #361a33;\n            font-size: 1.2rem;\n            width: 40px;\n            height: 40px;\n            border-radius: 50%;\n            display: flex;\n            justify-content: center;\n            align-items: center;\n            box-shadow: 0 2px 4px rgba(0, 0, 0, 0.1);\n            transition: transform 0.2s ease, background-color 0.2s ease;\n        }\n\n        .event-schedule .event-card:hover .badge {\n            transform: scale(1.1);\n            background-color: #6b4a66;\n            color: white;\n        }\n\n        .event-schedule .event-card .content {\n            flex-grow: 1;\n            transition: transform 0.2s ease, padding-left 0.2s ease;\n        }\n\n        .event-schedule .event-card:hover .content {\n            transform: scale(1.05);\n            padding-left: 10px;\n        }\n\n        .event-schedule .event-card h3 {\n            margin: 0 0 12px;\n            font-size: 1.4rem;\n            color: #361a33;\n            font-weight: 600;\n            display: flex;\n            align-items: center;\n        }\n\n        .event-schedule .event-card .clock-badge {\n            background-color: #e6d9e3;\n            color: #361a33;\n            font-size: 0.9rem;\n            width: 24px;\n            height: 24px;\n            border-radius: 50%;\n            display: flex;\n            justify-content: center;\n            align-items: center;\n            margin-right: 10px;\n            box-shadow: 0 1px 2px rgba(0, 0, 0, 0.1);\n            transition: transform 0.2s ease, background-color 0.2s ease;\n        }\n\n        .event-schedule .event-card:hover .clock-badge {\n            transform: scale(1.1);\n            background-color: #6b4a66;\n            color: white;\n        }\n\n        .event-schedule .event-card p {\n            margin: 6px 0;\n            font-size: 1.1rem;\n            color: #444;\n        }\n\n        .event-schedule .post-symposium {\n            background-color: #e6d9e3;\n            padding: 25px;\n            border-radius: 15px;\n            text-align: center;\n            font-size: 1.3rem;\n            color: #361a33;\n            margin-top: 30px;\n            animation: fadeIn 0.5s ease-in-out;\n            transition: transform 0.3s ease, box-shadow 0.3s ease;\n        }\n\n        .event-schedule .post-symposium:hover {\n            transform: translateY(-8px);\n            box-shadow: 0 6px 12px rgba(0, 0, 0, 0.1);\n        }\n\n        .event-schedule .post-symposium .title {\n            margin: 0 0 8px;\n            font-size: 1.3rem;\n            font-weight: 600;\n        }\n\n        .event-schedule .post-symposium .time {\n            display: flex;\n            align-items: center;\n            justify-content: center;\n            font-size: 1.2rem;\n            font-weight: 600;\n            transition: transform 0.2s ease, padding-left 0.2s ease;\n        }\n\n        .event-schedule .post-symposium:hover .time {\n            transform: scale(1.05);\n            padding-left: 10px;\n        }\n\n        .event-schedule .post-symposium .clock-badge {\n            background-color: #ffffff;\n            color: #361a33;\n            font-size: 0.9rem;\n            width: 24px;\n            height: 24px;\n            border-radius: 50%;\n            display: flex;\n            justify-content: center;\n            align-items: center;\n            margin-right: 10px;\n            box-shadow: 0 1px 2px rgba(0, 0, 0, 0.1);\n            transition: transform 0.2s ease, background-color 0.2s ease;\n        }\n\n        .event-schedule .post-symposium:hover .clock-badge {\n            transform: scale(1.1);\n            background-color: #6b4a66;\n            color: white;\n        }\n\n        @keyframes fadeIn {\n            from { opacity: 0; transform: translateY(10px); }\n            to { opacity: 1; transform: translateY(0); }\n        }\n\n        @media (max-width: 768px) {\n            .event-schedule .card-header h1 {\n                font-size: 2.2rem;\n            }\n\n            .event-schedule .card-header p {\n                font-size: 1.2rem;\n            }\n\n            .event-schedule .event-card h3 {\n                font-size: 1.2rem;\n            }\n\n            .event-schedule .event-card p {\n                font-size: 0.95rem;\n            }\n\n            .event-schedule .event-card .badge {\n                font-size: 1rem;\n                width: 32px;\n                height: 32px;\n                bottom: 10px;\n                right: 10px;\n            }\n\n            .event-schedule .event-card .clock-badge {\n                font-size: 0.8rem;\n                width: 20px;\n                height: 20px;\n                margin-right: 8px;\n            }\n\n            .event-schedule .event-card:hover .content {\n                padding-left: 8px;\n            }\n\n            .event-schedule .post-symposium {\n                font-size: 1.1rem;\n            }\n\n            .event-schedule .post-symposium .title {\n                font-size: 1.1rem;\n            }\n\n            .event-schedule .post-symposium .time {\n                font-size: 1rem;\n            }\n\n            .event-schedule .post-symposium .clock-badge {\n                font-size: 0.8rem;\n                width: 20px;\n                height: 20px;\n                margin-right: 8px;\n            }\n\n            .event-schedule .post-symposium:hover .time {\n                padding-left: 8px;\n            }\n\n            .event-schedule .card {\n                width: 95%;\n            }\n\n            .event-schedule .card-content {\n                padding: 20px;\n            }\n        }\n    <\/style>\n<\/head>\n<body>\n    <div class=\"event-schedule\">\n        <div class=\"card\">\n            <div class=\"card-header\">\n                <h1>11.10.2025.<br>Saturday<\/h1>\n                <p><\/p>\n            <\/div>\n            <div class=\"card-content\">\n\n                <div class=\"event-card\">\n                    <span class=\"badge\">\ud83d\udce2<\/span>\n                    <div class=\"content\">\n                        <h3><span class=\"clock-badge\">\ud83d\udd52<\/span>12:30-13:10<\/h3>\n                        <p><strong>Lecture Topic:<\/strong> Caries Prevention in Children<\/p>\n                        <p><strong>Speaker:<\/strong> Prof. Dr Sanja Vujkov<\/p>\n                    <\/div>\n                <\/div>\n                <div class=\"event-card\">\n                    <span class=\"badge\">\ud83d\udce2<\/span>\n                    <div class=\"content\">\n                        <h3><span class=\"clock-badge\">\ud83d\udd52<\/span>13:10-13:50<\/h3>\n                        <p><strong>Lecture Topic:<\/strong> Possibilities of Probiotic Application in Dental Caries Prevention in Children<\/p>\n                        <p><strong>Speaker:<\/strong> Doc. Dr Isidora Ne\u0161kovi\u0107<\/p>\n                    <\/div>\n                <\/div>\n                <div class=\"event-card\">\n                    <span class=\"badge\">\ud83d\udce2<\/span>\n                    <div class=\"content\">\n                        <h3><span class=\"clock-badge\">\ud83d\udd52<\/span>13:50-14:30<\/h3>\n                        <p><strong>Lecture Topic:<\/strong> Oral Lichen Planus and Oral Lichenoid Lesions \u2013 A Diagnostic and Therapeutic Challenge<\/p>\n                        <p><strong>Speaker:<\/strong> Prof. Dr Radmila Obradovi\u0107<\/p>\n                    <\/div>\n                <\/div>\n                <div class=\"event-card\">\n                    <span class=\"badge\">\ud83d\udde3\ufe0f<\/span>\n                    <div class=\"content\">\n                        <h3><span class=\"clock-badge\">\ud83d\udd52<\/span>14:30-15:30<\/h3>\n                        <p><strong>Discussion<\/strong><\/p>\n                        <p><strong><\/strong> <p>\nIf you have questions for the speakers of the first part of the webinar, feel free to submit them via the form. \n  <a href=\"https:\/\/forms.office.com\/e\/dWU5kHfiXu\" target=\"_blank\" rel=\"noopener noreferrer\">FORMULAR<\/a>.\n<\/p>\n\n<\/p>\n                    <\/div>\n                <\/div>\n                <div class=\"event-card\">\n                    <span class=\"badge\">\u2615<\/span>\n                    <div class=\"content\">\n                        <h3><span class=\"clock-badge\">\ud83d\udd52<\/span>15:30-16:00<\/h3>\n                        <p><strong>Break<\/strong><\/p>\n                    <\/div>\n                <\/div>\n                <div class=\"event-card\">\n                    <span class=\"badge\">\ud83d\udce2<\/span>\n                    <div class=\"content\">\n                        <h3><span class=\"clock-badge\">\ud83d\udd52<\/span>16:00-16:40<\/h3>\n                        <p><strong>Lecture Topic:<\/strong> Surgical Techniques for the Placement of Endosseal Implants<\/p>\n                        <p><strong>Speaker:<\/strong> Doc. Dr \u0110or\u0111e Pejanovi\u0107<\/p>\n                    <\/div>\n                <\/div>\n                <div class=\"event-card\">\n                    <span class=\"badge\">\ud83d\udce2<\/span>\n                    <div class=\"content\">\n                        <h3><span class=\"clock-badge\">\ud83d\udd52<\/span>16:40-17:20<\/h3>\n                        <p><strong>Lecture Topic:<\/strong> The Importance of Preparing Patients with Chronic Diseases for Surgical Interventions in Dentistry<\/p>\n                        <p><strong>Speaker:<\/strong> Ass. Prof. Dr Andrija \u0106osi\u0107<\/p>\n                    <\/div>\n                <\/div>\n                <div class=\"event-card\">\n                    <span class=\"badge\">\ud83d\udce2<\/span>\n                    <div class=\"content\">\n                        <h3><span class=\"clock-badge\">\ud83d\udd52<\/span>17:20-18:00<\/h3>\n                        <p><strong>Lecture Topic:<\/strong> Challenges in Maxillofacial Prosthetics<\/p>\n                        <p><strong>Speaker:<\/strong> Dr sci Filip Ivanjac<\/p>\n                    <\/div>\n                <\/div>\n                <div class=\"event-card\">\n                    <span class=\"badge\">\ud83d\udde3\ufe0f<\/span>\n                    <div class=\"content\">\n                        <h3><span class=\"clock-badge\">\ud83d\udd52<\/span>18:00-19:00<\/h3>\n                        <p><strong>Discussion<\/strong><\/p>\n                        <p><strong><\/strong> <p>\nIf you have questions for the speakers of the first part of the webinar, feel free to submit them via the form. \n  <a href=\"https:\/\/forms.office.com\/e\/GwnrkYiUQS\" target=\"_blank\" rel=\"noopener noreferrer\">FORMULAR<\/a>.\n<\/p>\n\n<\/p>\n                    <\/div>\n                <\/div>\n                <div class=\"event-card\">\n                    <span class=\"badge\">\ud83c\udfa4<\/span>\n                    <div class=\"content\">\n                        <h3><span class=\"clock-badge\">\ud83d\udd52<\/span>19:00-19:15<\/h3>\n                        <p><strong>Completing the evaluation test<\/strong><\/p>\n                    <\/div>\n                <\/div>\n            <\/div>\n        <\/div>\n    <\/div>\n<\/body>\n<\/html>\t\t<\/div>\n\t\t\t\t<\/div>\n\t\t\t\t\t<\/div>\n\t\t\t\t<\/div>\n\t\t\t\t<\/div>","protected":false},"excerpt":{"rendered":"<p>Webinar Trendovi u stomatologiji 2. deo Webinar Trendovi u stomatologiji 2. deo Event Schedule 11.10.2025.Subota \ud83d\udce2 \ud83d\udd5212:30-13:10 Tema predavanja: Prevencija karijesa kod dece Predava\u010d: Prof. Dr Sanja Vujkov \ud83d\udce2 \ud83d\udd5213:10-13:50 Tema predavanja: Mogu\u0107nosti primene probiotika u prevenciji dentalnog karijesa kod dece Predava\u010d: Doc. Dr Isidora Ne\u0161kovi\u0107 \ud83d\udce2 \ud83d\udd5213:50-14:30 Tema predavanja: Oralni Lihen planus i oralne [&hellip;]<\/p>","protected":false},"author":1,"featured_media":0,"parent":0,"menu_order":0,"comment_status":"closed","ping_status":"closed","template":"elementor_canvas","meta":[],"_links":{"self":[{"href":"https:\/\/kongresstomatologasrbijesks.rs\/en\/wp-json\/wp\/v2\/pages\/8065"}],"collection":[{"href":"https:\/\/kongresstomatologasrbijesks.rs\/en\/wp-json\/wp\/v2\/pages"}],"about":[{"href":"https:\/\/kongresstomatologasrbijesks.rs\/en\/wp-json\/wp\/v2\/types\/page"}],"author":[{"embeddable":true,"href":"https:\/\/kongresstomatologasrbijesks.rs\/en\/wp-json\/wp\/v2\/users\/1"}],"replies":[{"embeddable":true,"href":"https:\/\/kongresstomatologasrbijesks.rs\/en\/wp-json\/wp\/v2\/comments?post=8065"}],"version-history":[{"count":49,"href":"https:\/\/kongresstomatologasrbijesks.rs\/en\/wp-json\/wp\/v2\/pages\/8065\/revisions"}],"predecessor-version":[{"id":8850,"href":"https:\/\/kongresstomatologasrbijesks.rs\/en\/wp-json\/wp\/v2\/pages\/8065\/revisions\/8850"}],"wp:attachment":[{"href":"https:\/\/kongresstomatologasrbijesks.rs\/en\/wp-json\/wp\/v2\/media?parent=8065"}],"curies":[{"name":"wp","href":"https:\/\/api.w.org\/{rel}","templated":true}]}}