{"id":7747,"date":"2025-09-12T18:09:46","date_gmt":"2025-09-12T18:09:46","guid":{"rendered":"https:\/\/kongresstomatologasrbijesks.rs\/?page_id=7747"},"modified":"2025-09-24T11:41:31","modified_gmt":"2025-09-24T11:41:31","slug":"odbori-kongresa","status":"publish","type":"page","link":"https:\/\/kongresstomatologasrbijesks.rs\/en\/odbori-kongresa\/","title":{"rendered":"CONGRESS COMMITTEES"},"content":{"rendered":"<div data-elementor-type=\"wp-page\" data-elementor-id=\"7747\" class=\"elementor elementor-7747\" data-elementor-settings=\"{&quot;ha_cmc_init_switcher&quot;:&quot;no&quot;}\">\n\t\t\t\t<div class=\"elementor-element elementor-element-170408b e-con-full e-flex e-con e-parent\" data-id=\"170408b\" data-element_type=\"container\" data-settings=\"{&quot;background_background&quot;:&quot;classic&quot;,&quot;_ha_eqh_enable&quot;:false}\">\n\t\t\t\t<div class=\"elementor-element elementor-element-65fd375a elementor-hidden-mobile elementor-widget elementor-widget-heading\" data-id=\"65fd375a\" data-element_type=\"widget\" data-widget_type=\"heading.default\">\n\t\t\t\t<div class=\"elementor-widget-container\">\n\t\t\t<style>\/*! elementor - v3.23.0 - 05-08-2024 *\/\n.elementor-heading-title{padding:0;margin:0;line-height:1}.elementor-widget-heading .elementor-heading-title[class*=elementor-size-]>a{color:inherit;font-size:inherit;line-height:inherit}.elementor-widget-heading .elementor-heading-title.elementor-size-small{font-size:15px}.elementor-widget-heading .elementor-heading-title.elementor-size-medium{font-size:19px}.elementor-widget-heading .elementor-heading-title.elementor-size-large{font-size:29px}.elementor-widget-heading .elementor-heading-title.elementor-size-xl{font-size:39px}.elementor-widget-heading .elementor-heading-title.elementor-size-xxl{font-size:59px}<\/style><h1 class=\"elementor-heading-title elementor-size-default\">ORGANIZATION<\/h1>\t\t<\/div>\n\t\t\t\t<\/div>\n\t\t\t\t<div class=\"elementor-element elementor-element-1e4bf4a2 elementor-hidden-desktop elementor-hidden-tablet elementor-widget elementor-widget-heading\" data-id=\"1e4bf4a2\" data-element_type=\"widget\" data-widget_type=\"heading.default\">\n\t\t\t\t<div class=\"elementor-widget-container\">\n\t\t\t<h1 class=\"elementor-heading-title elementor-size-default\">ORGANIZATION\n<\/h1>\t\t<\/div>\n\t\t\t\t<\/div>\n\t\t\t\t<\/div>\n\t\t<div class=\"elementor-element elementor-element-d4a2819 e-flex e-con-boxed e-con e-parent\" data-id=\"d4a2819\" data-element_type=\"container\" data-settings=\"{&quot;_ha_eqh_enable&quot;:false}\">\n\t\t\t\t\t<div class=\"e-con-inner\">\n\t\t\t\t<div class=\"elementor-element elementor-element-44988c9 elementor-widget elementor-widget-html\" data-id=\"44988c9\" data-element_type=\"widget\" data-widget_type=\"html.default\">\n\t\t\t\t<div class=\"elementor-widget-container\">\n\t\t\t<div id=\"kongres-odbori\">\n    <style>\n        #kongres-odbori {\n            font-family: 'Montserrat', sans-serif;\n            display: flex;\n            flex-direction: column;\n            align-items: center;\n            gap: 50px; \/* razmak izme\u0111u sekcija *\/\n            width: 100%;\n        }\n        #kongres-odbori .card-container {\n            background: #fff;\n            border-radius: 8px;\n            box-shadow: 0 4px 8px rgba(0,0,0,0.1);\n            max-width: 800px;\n            width: 100%;\n            overflow: hidden;\n        }\n        #kongres-odbori .event-schedule .card-header {\n            background: linear-gradient(135deg, #361a33, #6b4a66);\n            color: white;\n            padding: 30px;\n            text-align: center;\n        }\n        #kongres-odbori .event-schedule .card-header h2 {\n            margin: 0 0 20px 0;\n            font-size: 1.8em;\n            font-weight: 700;\n        }\n        #kongres-odbori .event-schedule .card-header p {\n            margin: 10px 0 0;\n            font-size: 1.1em;\n        }\n        #kongres-odbori .card-list {\n            display: flex;\n            flex-direction: column;\n            gap: 10px;\n            width: 100%;\n        }\n        #kongres-odbori .card {\n            background: #f9f9f9;\n            border-radius: 6px;\n            box-shadow: 0 2px 4px rgba(0,0,0,0.1);\n            padding: 12px 0; \/* samo vertikalni padding *\/\n            display: flex;\n            align-items: center;\n            gap: 12px;\n            width: 100%;\n            box-sizing: border-box;\n            transition: transform 0.3s ease, box-shadow 0.3s ease;\n        }\n        #kongres-odbori .card:hover {\n            transform: scale(1.02);\n            box-shadow: 0 6px 12px rgba(0,0,0,0.2);\n        }\n        #kongres-odbori .card span {\n            font-size: 1.2em;\n            padding-left: 15px;\n        }\n        #kongres-odbori .card p {\n            margin: 0;\n            color: #333;\n            font-size: 1em;\n            text-align: left;\n            flex: 1;\n        }\n    <\/style>\n\n    <!-- ORGANIZACIJA KONGRESA -->\n    <div class=\"card-container\">\n        <div class=\"event-schedule\">\n            <div class=\"card-header\">\n                <h2>PRESIDENT OF THE CONGRESS<\/h2>\n                <p>Prof.dr Vitomir S. Konstantinovi\u0107<\/p>\n                <\/br>\n                <h2>CONGRESS TECHNICAL SECRETARY<\/h2>\n                <p>Dr Ljubinko \u0110or\u0111evi\u0107<\/p>\n            <\/div>\n        <\/div>\n    <\/div>\n\n    <!-- NAU\u010cNI ODBOR -->\n    <div class=\"card-container\">\n        <div class=\"event-schedule\">\n            <div class=\"card-header\">\n                <h2>SCIENTIFIC COMMITTEE<\/h2>\n                <p>President: Prof. Dr. Tatjana Savi\u0107-Stankovi\u0107, School of Dentistry, University of Belgrade<\/p>\n            <\/div>\n        <\/div>\n        <div class=\"card-list\">\n            <div class=\"card\"><span>\ud83c\udf93<\/span><p>Prof. dr Vojkan Lazi\u0107, Stomatolo\u0161ki fakultet Univerziteta u Beogradu<\/p><\/div>\n            <div class=\"card\"><span>\ud83c\udf93<\/span><p>Prof. dr Vitomir Konstantinovi\u0107, Stomatolo\u0161ki fakultet Univerziteta u Beogradu<\/p><\/div>\n            <div class=\"card\"><span>\ud83c\udf93<\/span><p>Prof. dr Nata\u0161a Nikolic Jakoba, Stomatolo\u0161ki fakultet Univerziteta u Beogradu<\/p><\/div>\n            <div class=\"card\"><span>\ud83c\udf93<\/span><p>Prof. dr Zoran Vlahovi\u0107, Univerzitet u Pri\u0161tini, Medicinski fakultet, Kosovska Mitrovica<\/p><\/div>\n            <div class=\"card\"><span>\ud83c\udf93<\/span><p>Prof. dr Nikola Stojanovi\u0107, Medicinski fakultet Fo\u010da , Univerzitet u Isto\u010dnom Sarajevu<\/p><\/div>\n            <div class=\"card\"><span>\ud83c\udf93<\/span><p>Doc.dr Bojan Dzeletovi\u0107, Stomatolo\u0161ki fakultet Univerziteta u Beogradu<\/p><\/div>\n            <div class=\"card\"><span>\ud83c\udf93<\/span><p>Doc.dr Aleksandra \u017du\u017ea, Medicinski fakultet Fo\u010da , Univerzitet u Isto\u010dnom Sarajevu<\/p><\/div>\n            <div class=\"card\"><span>\ud83c\udf93<\/span><p>Prof.dr Smiljka Cicmil, Medicinski fakultet Fo\u010da , Univerzitet u Isto\u010dnom Sarajevu<\/p><\/div>\n            <div class=\"card\"><span>\ud83c\udf93<\/span><p>Prof.dr Apostolos Tsolakis, Univerzitet u Atini, Gr\u010dka<\/p><\/div>\n            <div class=\"card\"><span>\ud83c\udf93<\/span><p>Doc.dr Zoran \u0160u\u0161ak. Univerzitet \u0160tip, Severna Makedonija<\/p><\/div>\n            <div class=\"card\"><span>\ud83e\ude7a<\/span><p>Dr sc Hrvoje Pezo, dr.med.dent, Hrvatska komora dentalne medicine, Zagreb<\/p><\/div>\n            <div class=\"card\"><span>\ud83e\ude7a<\/span><p>Dr sci Sa\u0161a Dabi\u0107, dr.stom., Komora doktora stomatologije Republike Srpske, Banja Luka<\/p><\/div>\n        <\/div>\n    <\/div>\n\n    <!-- ORGANIZACIONI ODBOR -->\n    <div class=\"card-container\">\n        <div class=\"event-schedule\">\n            <div class=\"card-header\">\n                <h2>ORGANIZING COMMITTEE<\/h2>\n                <p>President: Dr. Marko Gojni\u0107, Dental Chamber of Serbia<\/p>\n            <\/div>\n        <\/div>\n        <div class=\"card-list\">\n            <div class=\"card\"><span>\ud83c\udf93<\/span><p>Prof. dr Obrad Zeli\u0107<\/p><\/div>\n            <div class=\"card\"><span>\ud83c\udf93<\/span><p>Prof. dr Slobodan \u010cupi\u0107<\/p><\/div>\n            <div class=\"card\"><span>\ud83e\ude7a<\/span><p>Dr Milomir Jel\u010di\u0107<\/p><\/div>\n            <div class=\"card\"><span>\ud83e\ude7a<\/span><p>Dr Jovan Cabunac<\/p><\/div>\n            <div class=\"card\"><span>\ud83e\ude7a<\/span><p>Dr Dragan Koci\u0107<\/p><\/div>\n            <div class=\"card\"><span>\ud83e\ude7a<\/span><p>Prim. dr Mirsad Toki\u0107<\/p><\/div>\n            <div class=\"card\"><span>\ud83e\ude7a<\/span><p>Dr Jelena Bulaji\u0107<\/p><\/div>\n            <div class=\"card\"><span>\ud83e\ude7a<\/span><p>Dr Marijan Denkovski<\/p><\/div>\n            <div class=\"card\"><span>\ud83e\ude7a<\/span><p>Dr Slobodan Ivi\u0107<\/p><\/div>\n            <div class=\"card\"><span>\ud83e\ude7a<\/span><p>Dr Radomir \u0160\u0107epanovi\u0107<\/p><\/div>\n            <div class=\"card\"><span>\ud83e\ude7a<\/span><p>Dr Koutsogiannis Efstatios<\/p><\/div>\n        <\/div>\n    <\/div>\n<\/div>\n\t\t<\/div>\n\t\t\t\t<\/div>\n\t\t\t\t\t<\/div>\n\t\t\t\t<\/div>\n\t\t\t\t<\/div>","protected":false},"excerpt":{"rendered":"<p>ORGANIZACIJA ORGANIZACIJA PREDSEDNIK KONGRESA Prof.dr Vitomir S. Konstantinovi\u0107 TEHNI\u010cKI SEKRETAR KONGRESA Dr Ljubinko \u0110or\u0111evi\u0107 NAU\u010cNI ODBOR Predsednica: Prof.dr Tatjana Savi\u0107-Stankovi\u0107, Stomatolo\u0161ki fakultet Univerziteta u Beogradu \ud83c\udf93 Prof. dr Vojkan Lazi\u0107, Stomatolo\u0161ki fakultet Univerziteta u Beogradu \ud83c\udf93 Prof. dr Vitomir Konstantinovi\u0107, Stomatolo\u0161ki fakultet Univerziteta u Beogradu \ud83c\udf93 Prof. dr Nata\u0161a Nikolic Jakoba, Stomatolo\u0161ki fakultet Univerziteta u [&hellip;]<\/p>","protected":false},"author":1,"featured_media":0,"parent":0,"menu_order":0,"comment_status":"closed","ping_status":"closed","template":"elementor_canvas","meta":[],"_links":{"self":[{"href":"https:\/\/kongresstomatologasrbijesks.rs\/en\/wp-json\/wp\/v2\/pages\/7747"}],"collection":[{"href":"https:\/\/kongresstomatologasrbijesks.rs\/en\/wp-json\/wp\/v2\/pages"}],"about":[{"href":"https:\/\/kongresstomatologasrbijesks.rs\/en\/wp-json\/wp\/v2\/types\/page"}],"author":[{"embeddable":true,"href":"https:\/\/kongresstomatologasrbijesks.rs\/en\/wp-json\/wp\/v2\/users\/1"}],"replies":[{"embeddable":true,"href":"https:\/\/kongresstomatologasrbijesks.rs\/en\/wp-json\/wp\/v2\/comments?post=7747"}],"version-history":[{"count":46,"href":"https:\/\/kongresstomatologasrbijesks.rs\/en\/wp-json\/wp\/v2\/pages\/7747\/revisions"}],"predecessor-version":[{"id":8263,"href":"https:\/\/kongresstomatologasrbijesks.rs\/en\/wp-json\/wp\/v2\/pages\/7747\/revisions\/8263"}],"wp:attachment":[{"href":"https:\/\/kongresstomatologasrbijesks.rs\/en\/wp-json\/wp\/v2\/media?parent=7747"}],"curies":[{"name":"wp","href":"https:\/\/api.w.org\/{rel}","templated":true}]}}