{"id":4423,"date":"2024-09-05T13:54:36","date_gmt":"2024-09-05T13:54:36","guid":{"rendered":"https:\/\/kongresstomatologasrbijesks.rs\/?page_id=4423"},"modified":"2025-08-25T10:21:25","modified_gmt":"2025-08-25T10:21:25","slug":"kontakt","status":"publish","type":"page","link":"https:\/\/kongresstomatologasrbijesks.rs\/en\/kontakt\/","title":{"rendered":"Kontakt"},"content":{"rendered":"<div data-elementor-type=\"wp-page\" data-elementor-id=\"4423\" class=\"elementor elementor-4423\" data-elementor-settings=\"{&quot;ha_cmc_init_switcher&quot;:&quot;no&quot;}\">\n\t\t\t\t<div class=\"elementor-element elementor-element-7080f456 e-flex e-con-boxed e-con e-parent\" data-id=\"7080f456\" data-element_type=\"container\" data-settings=\"{&quot;background_background&quot;:&quot;classic&quot;,&quot;_ha_eqh_enable&quot;:false}\">\n\t\t\t\t\t<div class=\"e-con-inner\">\n\t\t\t\t<div class=\"elementor-element elementor-element-7a657dc elementor-widget elementor-widget-spacer\" data-id=\"7a657dc\" data-element_type=\"widget\" data-widget_type=\"spacer.default\">\n\t\t\t\t<div class=\"elementor-widget-container\">\n\t\t\t<style>\/*! elementor - v3.23.0 - 05-08-2024 *\/\n.elementor-column .elementor-spacer-inner{height:var(--spacer-size)}.e-con{--container-widget-width:100%}.e-con-inner>.elementor-widget-spacer,.e-con>.elementor-widget-spacer{width:var(--container-widget-width,var(--spacer-size));--align-self:var(--container-widget-align-self,initial);--flex-shrink:0}.e-con-inner>.elementor-widget-spacer>.elementor-widget-container,.e-con>.elementor-widget-spacer>.elementor-widget-container{height:100%;width:100%}.e-con-inner>.elementor-widget-spacer>.elementor-widget-container>.elementor-spacer,.e-con>.elementor-widget-spacer>.elementor-widget-container>.elementor-spacer{height:100%}.e-con-inner>.elementor-widget-spacer>.elementor-widget-container>.elementor-spacer>.elementor-spacer-inner,.e-con>.elementor-widget-spacer>.elementor-widget-container>.elementor-spacer>.elementor-spacer-inner{height:var(--container-widget-height,var(--spacer-size))}.e-con-inner>.elementor-widget-spacer.elementor-widget-empty,.e-con>.elementor-widget-spacer.elementor-widget-empty{position:relative;min-height:22px;min-width:22px}.e-con-inner>.elementor-widget-spacer.elementor-widget-empty .elementor-widget-empty-icon,.e-con>.elementor-widget-spacer.elementor-widget-empty .elementor-widget-empty-icon{position:absolute;top:0;bottom:0;left:0;right:0;margin:auto;padding:0;width:22px;height:22px}<\/style>\t\t<div class=\"elementor-spacer\">\n\t\t\t<div class=\"elementor-spacer-inner\"><\/div>\n\t\t<\/div>\n\t\t\t\t<\/div>\n\t\t\t\t<\/div>\n\t\t\t\t<div class=\"elementor-element elementor-element-33bfc36d elementor-hidden-mobile elementor-widget elementor-widget-heading\" data-id=\"33bfc36d\" data-element_type=\"widget\" data-widget_type=\"heading.default\">\n\t\t\t\t<div class=\"elementor-widget-container\">\n\t\t\t<style>\/*! elementor - v3.23.0 - 05-08-2024 *\/\n.elementor-heading-title{padding:0;margin:0;line-height:1}.elementor-widget-heading .elementor-heading-title[class*=elementor-size-]>a{color:inherit;font-size:inherit;line-height:inherit}.elementor-widget-heading .elementor-heading-title.elementor-size-small{font-size:15px}.elementor-widget-heading .elementor-heading-title.elementor-size-medium{font-size:19px}.elementor-widget-heading .elementor-heading-title.elementor-size-large{font-size:29px}.elementor-widget-heading .elementor-heading-title.elementor-size-xl{font-size:39px}.elementor-widget-heading .elementor-heading-title.elementor-size-xxl{font-size:59px}<\/style><h1 class=\"elementor-heading-title elementor-size-default\">CONTACT<\/h1>\t\t<\/div>\n\t\t\t\t<\/div>\n\t\t\t\t<div class=\"elementor-element elementor-element-6a271023 elementor-hidden-desktop elementor-hidden-tablet elementor-widget elementor-widget-heading\" data-id=\"6a271023\" data-element_type=\"widget\" data-widget_type=\"heading.default\">\n\t\t\t\t<div class=\"elementor-widget-container\">\n\t\t\t<h1 class=\"elementor-heading-title elementor-size-default\">CONTACT<\/h1>\t\t<\/div>\n\t\t\t\t<\/div>\n\t\t\t\t\t<\/div>\n\t\t\t\t<\/div>\n\t\t<div class=\"elementor-element elementor-element-a480a44 e-con-full e-flex e-con e-parent\" data-id=\"a480a44\" data-element_type=\"container\" data-settings=\"{&quot;_ha_eqh_enable&quot;:false}\">\n\t\t\t\t<div class=\"elementor-element elementor-element-7598ef2 elementor-widget elementor-widget-html\" data-id=\"7598ef2\" data-element_type=\"widget\" data-widget_type=\"html.default\">\n\t\t\t\t<div class=\"elementor-widget-container\">\n\t\t\t<div class=\"custom-firma-container\">\n    <div class=\"custom-firma-grid\">\n        <div class=\"custom-firma-info-card\">\n            <div class=\"custom-firma-icon-circle\">\ud83d\udc69\u200d\ud83d\udcbc<\/div>\n            <p><strong>Jovana Jovanovi\u0107<\/strong><\/p>\n            <p>Miross BTA\/PCO\/DMC\/VEO<\/br>IATA No 95-22167 4<\/p>\n            <p><span class=\"custom-firma-icon\">\ud83c\udfe2<\/span> Majke Jevrosime 19, 11000 Beograd<\/p>\n            <p><span class=\"custom-firma-icon\">\ud83d\udcde<\/span> +381 11 30 33 225, 30 33 226<\/p>\n            <p><span class=\"custom-firma-icon\">\ud83d\udce7<\/span> stomkongres@miross.rs<\/p>\n        <\/div>\n        <div class=\"custom-firma-info-card\">\n            <div class=\"custom-firma-icon-circle\">\ud83d\udc69\u200d\ud83d\udcbb<\/div>\n            <p><strong>Sara Vu\u010di\u0107evi\u0107<\/strong><\/p>\n            <p>Miross BTA\/PCO\/DMC\/VEO<\/br>IATA No 95-22167 4<\/p>\n            <p><span class=\"custom-firma-icon\">\ud83c\udfe2<\/span> Majke Jevrosime 19, 11000 Beograd<\/p>\n            <p><span class=\"custom-firma-icon\">\ud83d\udcde<\/span> +381 11 30 33 225, 30 33 226<\/p>\n            <p><span class=\"custom-firma-icon\">\ud83d\udce7<\/span> stomkongres@miross.rs<\/p>\n        <\/div>\n    <\/div>\n    <div class=\"custom-firma-button-container\">\n        <a href=\"mailto:stomkongres@miross.rs\" class=\"custom-firma-email-button\">Send email<\/a>\n    <\/div>\n<\/div>\n\n<style>\n.custom-firma-container {\n    font-family: 'Arial', sans-serif;\n    max-width: 900px;\n    margin: 20px auto;\n}\n.custom-firma-info-card {\n    background-color: #ffffff;\n    border-radius: 15px;\n    box-shadow: 0 8px 30px rgba(2, 30, 82, 0.15);\n    padding: 40px;\n    text-align: center;\n    position: relative;\n    overflow: hidden;\n    transition: transform 0.3s ease, box-shadow 0.3s ease;\n}\n.custom-firma-info-card:hover {\n    transform: translateY(-10px);\n    box-shadow: 0 12px 40px rgba(2, 30, 82, 0.25);\n}\n\/* Krug sa borderom *\/\n.custom-firma-icon-circle {\n    display: flex;\n    justify-content: center;\n    align-items: center;\n    width: 80px;\n    height: 80px;\n    background-color: transparent; \/* providno *\/\n    border: 3px solid #5F2C58; \/* boja kruga *\/\n    border-radius: 50%;\n    margin: 0 auto 20px;\n    color: #ffffff; \/* ikona unutar kruga bijela *\/\n    font-size: 40px;\n    box-shadow: 0 4px 15px rgba(2, 30, 82, 0.15);\n    animation: custom-firma-fadeIn 1s ease forwards;\n}\n.custom-firma-info-card p {\n    color: #5F2C58;\n    font-size: 18px;\n    line-height: 1.6;\n    margin: 10px 0;\n    font-weight: 500;\n    opacity: 0;\n    animation: custom-firma-fadeIn 1s ease forwards;\n    animation-delay: 0.3s;\n}\n.custom-firma-info-card p strong {\n    font-size: 20px;\n    font-weight: 700;\n}\n.custom-firma-icon {\n    font-size: 18px;\n    margin-right: 8px;\n}\n.custom-firma-grid {\n    display: grid;\n    grid-template-columns: repeat(auto-fit, minmax(300px, 1fr));\n    gap: 20px;\n}\n.custom-firma-button-container {\n    text-align: center;\n    margin: 20px auto;\n}\n.custom-firma-email-button {\n    display: inline-block;\n    padding: 12px 24px;\n    background-color: #5F2C58;\n    color: #ffffff;\n    text-decoration: none;\n    border-radius: 8px;\n    font-size: 18px;\n    font-weight: 500;\n    transition: background-color 0.3s ease, transform 0.3s ease;\n}\n.custom-firma-email-button:hover {\n    background-color: #043b99;\n    color: #ffffff;\n    transform: translateY(-3px);\n}\n.custom-firma-info-card::before {\n    content: '';\n    position: absolute;\n    top: 0;\n    left: 0;\n    width: 100%;\n    height: 5px;\n    background: #5F2C58;\n    opacity: 0.8;\n}\n.custom-firma-info-card::after {\n    content: '';\n    position: absolute;\n    bottom: 0;\n    left: 50%;\n    transform: translateX(-50%);\n    width: 60%;\n    height: 2px;\n    background: linear-gradient(to right, transparent, #021e52, transparent);\n    opacity: 0.5;\n}\n@keyframes custom-firma-fadeIn {\n    from {\n        opacity: 0;\n        transform: translateY(20px);\n    }\n    to {\n        opacity: 1;\n        transform: translateY(0);\n    }\n}\n@media (max-width: 600px) {\n    .custom-firma-info-card {\n        padding: 20px;\n        margin: 10px;\n    }\n    .custom-firma-info-card p {\n        font-size: 16px;\n    }\n    .custom-firma-info-card p strong {\n        font-size: 18px;\n    }\n    .custom-firma-icon-circle {\n        width: 60px;\n        height: 60px;\n        font-size: 30px;\n    }\n    .custom-firma-email-button {\n        font-size: 16px;\n        padding: 10px 20px;\n    }\n}\n<\/style>\n\t\t<\/div>\n\t\t\t\t<\/div>\n\t\t\t\t<\/div>\n\t\t\t\t<\/div>","protected":false},"excerpt":{"rendered":"<p>KONTAKT KONTAKT \ud83d\udc69\u200d\ud83d\udcbc Jovana Jovanovi\u0107 Miross BTA\/PCO\/DMC\/VEOIATA No 95-22167 4 \ud83c\udfe2 Majke Jevrosime 19, 11000 Beograd \ud83d\udcde +381 11 30 33 225, 30 33 226 \ud83d\udce7 stomkongres@miross.rs \ud83d\udc69\u200d\ud83d\udcbb Sara Vu\u010di\u0107evi\u0107 Miross BTA\/PCO\/DMC\/VEOIATA No 95-22167 4 \ud83c\udfe2 Majke Jevrosime 19, 11000 Beograd \ud83d\udcde +381 11 30 33 225, 30 33 226 \ud83d\udce7 stomkongres@miross.rs Po\u0161alji email<\/p>","protected":false},"author":1,"featured_media":0,"parent":0,"menu_order":0,"comment_status":"closed","ping_status":"closed","template":"elementor_canvas","meta":[],"_links":{"self":[{"href":"https:\/\/kongresstomatologasrbijesks.rs\/en\/wp-json\/wp\/v2\/pages\/4423"}],"collection":[{"href":"https:\/\/kongresstomatologasrbijesks.rs\/en\/wp-json\/wp\/v2\/pages"}],"about":[{"href":"https:\/\/kongresstomatologasrbijesks.rs\/en\/wp-json\/wp\/v2\/types\/page"}],"author":[{"embeddable":true,"href":"https:\/\/kongresstomatologasrbijesks.rs\/en\/wp-json\/wp\/v2\/users\/1"}],"replies":[{"embeddable":true,"href":"https:\/\/kongresstomatologasrbijesks.rs\/en\/wp-json\/wp\/v2\/comments?post=4423"}],"version-history":[{"count":71,"href":"https:\/\/kongresstomatologasrbijesks.rs\/en\/wp-json\/wp\/v2\/pages\/4423\/revisions"}],"predecessor-version":[{"id":7558,"href":"https:\/\/kongresstomatologasrbijesks.rs\/en\/wp-json\/wp\/v2\/pages\/4423\/revisions\/7558"}],"wp:attachment":[{"href":"https:\/\/kongresstomatologasrbijesks.rs\/en\/wp-json\/wp\/v2\/media?parent=4423"}],"curies":[{"name":"wp","href":"https:\/\/api.w.org\/{rel}","templated":true}]}}