{"id":4272,"date":"2024-08-20T08:36:50","date_gmt":"2024-08-20T08:36:50","guid":{"rendered":"https:\/\/kongresstomatologasrbijesks.rs\/?page_id=4272"},"modified":"2025-08-26T12:13:57","modified_gmt":"2025-08-26T12:13:57","slug":"pozdravna-rec","status":"publish","type":"page","link":"https:\/\/kongresstomatologasrbijesks.rs\/en\/pozdravna-rec\/","title":{"rendered":"POZDRAVNA RE\u010c"},"content":{"rendered":"<div data-elementor-type=\"wp-page\" data-elementor-id=\"4272\" class=\"elementor elementor-4272\" data-elementor-settings=\"{&quot;ha_cmc_init_switcher&quot;:&quot;no&quot;}\">\n\t\t\t\t<div class=\"elementor-element elementor-element-38f4961 e-flex e-con-boxed e-con e-parent\" data-id=\"38f4961\" data-element_type=\"container\" data-settings=\"{&quot;background_background&quot;:&quot;classic&quot;,&quot;_ha_eqh_enable&quot;:false}\">\n\t\t\t\t\t<div class=\"e-con-inner\">\n\t\t\t\t<div class=\"elementor-element elementor-element-3ebb662 elementor-widget elementor-widget-spacer\" data-id=\"3ebb662\" data-element_type=\"widget\" data-widget_type=\"spacer.default\">\n\t\t\t\t<div class=\"elementor-widget-container\">\n\t\t\t<style>\/*! elementor - v3.23.0 - 05-08-2024 *\/\n.elementor-column .elementor-spacer-inner{height:var(--spacer-size)}.e-con{--container-widget-width:100%}.e-con-inner>.elementor-widget-spacer,.e-con>.elementor-widget-spacer{width:var(--container-widget-width,var(--spacer-size));--align-self:var(--container-widget-align-self,initial);--flex-shrink:0}.e-con-inner>.elementor-widget-spacer>.elementor-widget-container,.e-con>.elementor-widget-spacer>.elementor-widget-container{height:100%;width:100%}.e-con-inner>.elementor-widget-spacer>.elementor-widget-container>.elementor-spacer,.e-con>.elementor-widget-spacer>.elementor-widget-container>.elementor-spacer{height:100%}.e-con-inner>.elementor-widget-spacer>.elementor-widget-container>.elementor-spacer>.elementor-spacer-inner,.e-con>.elementor-widget-spacer>.elementor-widget-container>.elementor-spacer>.elementor-spacer-inner{height:var(--container-widget-height,var(--spacer-size))}.e-con-inner>.elementor-widget-spacer.elementor-widget-empty,.e-con>.elementor-widget-spacer.elementor-widget-empty{position:relative;min-height:22px;min-width:22px}.e-con-inner>.elementor-widget-spacer.elementor-widget-empty .elementor-widget-empty-icon,.e-con>.elementor-widget-spacer.elementor-widget-empty .elementor-widget-empty-icon{position:absolute;top:0;bottom:0;left:0;right:0;margin:auto;padding:0;width:22px;height:22px}<\/style>\t\t<div class=\"elementor-spacer\">\n\t\t\t<div class=\"elementor-spacer-inner\"><\/div>\n\t\t<\/div>\n\t\t\t\t<\/div>\n\t\t\t\t<\/div>\n\t\t\t\t<div class=\"elementor-element elementor-element-6154d5d8 elementor-hidden-mobile elementor-widget elementor-widget-heading\" data-id=\"6154d5d8\" data-element_type=\"widget\" data-widget_type=\"heading.default\">\n\t\t\t\t<div class=\"elementor-widget-container\">\n\t\t\t<style>\/*! elementor - v3.23.0 - 05-08-2024 *\/\n.elementor-heading-title{padding:0;margin:0;line-height:1}.elementor-widget-heading .elementor-heading-title[class*=elementor-size-]>a{color:inherit;font-size:inherit;line-height:inherit}.elementor-widget-heading .elementor-heading-title.elementor-size-small{font-size:15px}.elementor-widget-heading .elementor-heading-title.elementor-size-medium{font-size:19px}.elementor-widget-heading .elementor-heading-title.elementor-size-large{font-size:29px}.elementor-widget-heading .elementor-heading-title.elementor-size-xl{font-size:39px}.elementor-widget-heading .elementor-heading-title.elementor-size-xxl{font-size:59px}<\/style><h1 class=\"elementor-heading-title elementor-size-default\">Pozdravna re\u010d<\/h1>\t\t<\/div>\n\t\t\t\t<\/div>\n\t\t\t\t<div class=\"elementor-element elementor-element-50a06555 elementor-hidden-desktop elementor-hidden-tablet elementor-widget elementor-widget-heading\" data-id=\"50a06555\" data-element_type=\"widget\" data-widget_type=\"heading.default\">\n\t\t\t\t<div class=\"elementor-widget-container\">\n\t\t\t<h1 class=\"elementor-heading-title elementor-size-default\">Pozdravna re\u010d<\/h1>\t\t<\/div>\n\t\t\t\t<\/div>\n\t\t\t\t\t<\/div>\n\t\t\t\t<\/div>\n\t\t<div class=\"elementor-element elementor-element-2e8474c e-flex e-con-boxed e-con e-parent\" data-id=\"2e8474c\" data-element_type=\"container\" data-settings=\"{&quot;_ha_eqh_enable&quot;:false}\">\n\t\t\t\t\t<div class=\"e-con-inner\">\n\t\t\t\t<div class=\"elementor-element elementor-element-ececa51 elementor-widget elementor-widget-html\" data-id=\"ececa51\" data-element_type=\"widget\" data-widget_type=\"html.default\">\n\t\t\t\t<div class=\"elementor-widget-container\">\n\t\t\t<!DOCTYPE html>\n<html lang=\"sr\">\n<head>\n    <meta charset=\"UTF-8\">\n    <meta name=\"viewport\" content=\"width=device-width, initial-scale=1.0\">\n    <title>Pozdravna re\u010d - 24. Kongres stomatologa Srbije<\/title>\n    <style>\n        :root {\n            --primary-color: #5F2C58;  \/* Tamnija ljubi\u010dasta *\/\n            --secondary-color: #8E4585; \/* Srednja ljubi\u010dasta *\/\n            --accent-color: #D4AF37;    \/* Zlatna (za hover efekte) *\/\n            --text-color: #333;         \/* Glavni tekst *\/\n            --light-bg: #f9f6fa;       \/* Svijetla pozadina *\/\n        }\n        \n        body {\n            background-color: var(--light-bg);\n            font-family: 'Segoe UI', Tahoma, Geneva, Verdana, sans-serif;\n            line-height: 1.6;\n            color: var(--text-color);\n            margin: 0;\n            padding: 0;\n        }\n        \n        .welcome-container {\n            max-width: 1100px;\n            margin: 3rem auto;\n            padding: 0 1rem;\n        }\n        \n        .welcome-card {\n            background-color: #ffffff;\n            border-radius: 12px;\n            box-shadow: 0 10px 30px rgba(95, 44, 88, 0.1);\n            padding: 2.5rem;\n            margin-bottom: 2rem;\n            position: relative;\n            overflow: hidden;\n            transition: transform 0.3s ease, box-shadow 0.3s ease;\n            border-top: 5px solid var(--secondary-color); \/* Traka na vrhu umesto bo\u010dno *\/\n        }\n        \n        .welcome-card:hover {\n            transform: translateY(-5px);\n            box-shadow: 0 15px 35px rgba(95, 44, 88, 0.15);\n        }\n        \n        .welcome-card h1 {\n            color: var(--primary-color);\n            font-size: 2rem;\n            margin-bottom: 1.5rem;\n            padding-bottom: 0.8rem;\n            position: relative;\n            font-weight: 600;\n            text-align: center;\n        }\n        \n        .welcome-card h1::after {\n            content: '';\n            position: absolute;\n            bottom: 0;\n            left: 50%;\n            transform: translateX(-50%);\n            width: 60px;\n            height: 3px;\n            background: linear-gradient(to right, var(--primary-color), var(--secondary-color));\n            border-radius: 3px;\n        }\n        \n        .welcome-card p {\n            color: var(--text-color);\n            font-size: 1.1rem;\n            margin-bottom: 1rem;\n            line-height: 1.8;\n            text-align: justify;\n        }\n        \n        .signature {\n            text-align: left;\n            margin-top: 2rem;\n        }\n        \n        .signature p {\n            font-size: 1.05rem;\n            font-weight: 600;\n            color: var(--primary-color);\n            margin: 0.1rem 0;\n        }\n        \n        .signature img {\n            max-width: 200px;\n            height: auto;\n            margin-bottom: 0.3rem;\n        }\n        \n        .welcome-card::before {\n            content: '';\n            position: absolute;\n            top: 0;\n            right: 0;\n            width: 100px;\n            height: 100px;\n            background: radial-gradient(circle, rgba(142, 69, 133, 0.1) 0%, rgba(142, 69, 133, 0) 70%);\n        }\n        \n        .welcome-card::after {\n            content: '';\n            position: absolute;\n            bottom: 0;\n            left: 0;\n            width: 100px;\n            height: 100px;\n            background: radial-gradient(circle, rgba(95, 44, 88, 0.1) 0%, rgba(95, 44, 88, 0) 70%);\n        }\n        \n        @media (max-width: 768px) {\n            .welcome-container {\n                padding: 0 1rem;\n                margin: 1.5rem auto;\n            }\n            \n            .welcome-card {\n                padding: 1.5rem;\n            }\n            \n            .welcome-card h1 {\n                font-size: 1.6rem;\n            }\n            \n            .welcome-card p {\n                font-size: 1rem;\n            }\n            \n            .signature img {\n                max-width: 150px;\n            }\n        }\n        \n        \/* Animations *\/\n        @keyframes fadeInUp {\n            from {\n                opacity: 0;\n                transform: translateY(20px);\n            }\n            to {\n                opacity: 1;\n                transform: translateY(0);\n            }\n        }\n        \n        .welcome-card h1 {\n            animation: fadeInUp 0.6s ease forwards;\n        }\n        \n        .welcome-card p {\n            opacity: 0;\n            animation: fadeInUp 0.6s ease forwards;\n        }\n        \n        .welcome-card p:nth-child(1) { animation-delay: 0.2s; }\n        .welcome-card p:nth-child(2) { animation-delay: 0.3s; }\n        .welcome-card p:nth-child(3) { animation-delay: 0.4s; }\n        .welcome-card p:nth-child(4) { animation-delay: 0.5s; }\n        .signature { \n            opacity: 0;\n            animation: fadeInUp 0.6s ease forwards;\n            animation-delay: 0.6s; \n        }\n    <\/style>\n<\/head>\n<body>\n    <div class=\"welcome-container\">\n        <div class=\"welcome-card\">\n           \n            <p>Po\u0161tovane koleginice i kolege,<\/p>\n            <p>I ove godine nastavljamo tradiciju okupljanja najboljih me\u0111u nama \u2013 onih koji svakodnevno pomeraju granice znanja i prakse u na\u0161oj profesiji. Kongres stomatologa Srbije je vi\u0161e od stru\u010dnog skupa; to je dokaz da na\u0161a struka raste a stru\u010dne kompetence osna\u017euju.<\/p>\n            <p>U vremenu kada se stomatologija menja br\u017ee nego \u0161to mi sti\u017eemo da izgovorimo nazive novih tehnologija, Kongres je prilika da zastanemo, osvrnemo se i sagledamo gde idemo i za\u0161to idemo ba\u0161 tim putem. Jer na kraju dana, iza svakog skenera, implanta i digitalne platforme, stoji ono \u0161to je oduvek \u010dinilo sr\u017e na\u0161e profesije \u2013 \u010dovek i njegova posve\u0107enost drugom \u010doveku.<\/p>\n            <p>Verujem da \u0107e ovogodi\u0161nji program, predava\u010di i teme biti inspiracija svima nama da u svojoj praksi budemo precizniji, hrabriji, ali i svesniji svoje odgovornosti. Posebnu zahvalnost dugujem svim koleginicama i kolegama koji su ulo\u017eili svoj rad, znanje i vreme da ovaj Kongres u\u010dine mogu\u0107im.<\/p>\n            <p>Ka\u017eu da je znanje jedino bogatstvo koje raste kada se deli. Neka ovaj Kongres i dalje bude mesto gde se to bogatstvo umno\u017eava, na dobrobit na\u0161e profesije i na\u0161ih pacijenata.<\/p>\n            <div class=\"signature\">\n                <img src=\"https:\/\/kongresstomatologasrbijesks.rs\/wp-content\/uploads\/2025\/07\/Potpis.png\" alt=\"Potpis Prof dr Marko Gojni\u0107\">\n                <p>dr Marko Gojni\u0107<\/p>\n                <p>Predsednik Organizacionog odbora 24.KSS<\/p>\n                <p>Direktor Stomatolo\u0161ke komore Srbije<\/p>\n            <\/div>\n        <\/div>\n    <\/div>\n<\/body>\n<\/html>\t\t<\/div>\n\t\t\t\t<\/div>\n\t\t\t\t\t<\/div>\n\t\t\t\t<\/div>\n\t\t\t\t<\/div>","protected":false},"excerpt":{"rendered":"<p>Pozdravna re\u010d Pozdravna re\u010d Pozdravna re\u010d &#8211; 24. Kongres stomatologa Srbije Po\u0161tovane koleginice i kolege, I ove godine nastavljamo tradiciju okupljanja najboljih me\u0111u nama \u2013 onih koji svakodnevno pomeraju granice znanja i prakse u na\u0161oj profesiji. Kongres stomatologa Srbije je vi\u0161e od stru\u010dnog skupa; to je dokaz da na\u0161a struka raste a stru\u010dne kompetence osna\u017euju. [&hellip;]<\/p>","protected":false},"author":1,"featured_media":0,"parent":0,"menu_order":0,"comment_status":"closed","ping_status":"closed","template":"elementor_canvas","meta":[],"_links":{"self":[{"href":"https:\/\/kongresstomatologasrbijesks.rs\/en\/wp-json\/wp\/v2\/pages\/4272"}],"collection":[{"href":"https:\/\/kongresstomatologasrbijesks.rs\/en\/wp-json\/wp\/v2\/pages"}],"about":[{"href":"https:\/\/kongresstomatologasrbijesks.rs\/en\/wp-json\/wp\/v2\/types\/page"}],"author":[{"embeddable":true,"href":"https:\/\/kongresstomatologasrbijesks.rs\/en\/wp-json\/wp\/v2\/users\/1"}],"replies":[{"embeddable":true,"href":"https:\/\/kongresstomatologasrbijesks.rs\/en\/wp-json\/wp\/v2\/comments?post=4272"}],"version-history":[{"count":79,"href":"https:\/\/kongresstomatologasrbijesks.rs\/en\/wp-json\/wp\/v2\/pages\/4272\/revisions"}],"predecessor-version":[{"id":7528,"href":"https:\/\/kongresstomatologasrbijesks.rs\/en\/wp-json\/wp\/v2\/pages\/4272\/revisions\/7528"}],"wp:attachment":[{"href":"https:\/\/kongresstomatologasrbijesks.rs\/en\/wp-json\/wp\/v2\/media?parent=4272"}],"curies":[{"name":"wp","href":"https:\/\/api.w.org\/{rel}","templated":true}]}}