{"id":3840,"date":"2024-08-10T08:58:10","date_gmt":"2024-08-10T08:58:10","guid":{"rendered":"https:\/\/kongresstomatologasrbijesks.rs\/?page_id=3840"},"modified":"2025-10-07T20:00:23","modified_gmt":"2025-10-07T20:00:23","slug":"instrukcije-za-prijavu-na-kongres","status":"publish","type":"page","link":"https:\/\/kongresstomatologasrbijesks.rs\/en\/instrukcije-za-prijavu-na-kongres\/","title":{"rendered":"Instructions for congress registration"},"content":{"rendered":"<div data-elementor-type=\"wp-page\" data-elementor-id=\"3840\" class=\"elementor elementor-3840\" data-elementor-settings=\"{&quot;ha_cmc_init_switcher&quot;:&quot;no&quot;}\">\n\t\t\t\t<div class=\"elementor-element elementor-element-7203f07 e-flex e-con-boxed e-con e-parent\" data-id=\"7203f07\" data-element_type=\"container\" data-settings=\"{&quot;background_background&quot;:&quot;classic&quot;,&quot;_ha_eqh_enable&quot;:false}\">\n\t\t\t\t\t<div class=\"e-con-inner\">\n\t\t\t\t<div class=\"elementor-element elementor-element-1243a3f elementor-widget elementor-widget-spacer\" data-id=\"1243a3f\" data-element_type=\"widget\" data-widget_type=\"spacer.default\">\n\t\t\t\t<div class=\"elementor-widget-container\">\n\t\t\t<style>\/*! elementor - v3.23.0 - 05-08-2024 *\/\n.elementor-column .elementor-spacer-inner{height:var(--spacer-size)}.e-con{--container-widget-width:100%}.e-con-inner>.elementor-widget-spacer,.e-con>.elementor-widget-spacer{width:var(--container-widget-width,var(--spacer-size));--align-self:var(--container-widget-align-self,initial);--flex-shrink:0}.e-con-inner>.elementor-widget-spacer>.elementor-widget-container,.e-con>.elementor-widget-spacer>.elementor-widget-container{height:100%;width:100%}.e-con-inner>.elementor-widget-spacer>.elementor-widget-container>.elementor-spacer,.e-con>.elementor-widget-spacer>.elementor-widget-container>.elementor-spacer{height:100%}.e-con-inner>.elementor-widget-spacer>.elementor-widget-container>.elementor-spacer>.elementor-spacer-inner,.e-con>.elementor-widget-spacer>.elementor-widget-container>.elementor-spacer>.elementor-spacer-inner{height:var(--container-widget-height,var(--spacer-size))}.e-con-inner>.elementor-widget-spacer.elementor-widget-empty,.e-con>.elementor-widget-spacer.elementor-widget-empty{position:relative;min-height:22px;min-width:22px}.e-con-inner>.elementor-widget-spacer.elementor-widget-empty .elementor-widget-empty-icon,.e-con>.elementor-widget-spacer.elementor-widget-empty .elementor-widget-empty-icon{position:absolute;top:0;bottom:0;left:0;right:0;margin:auto;padding:0;width:22px;height:22px}<\/style>\t\t<div class=\"elementor-spacer\">\n\t\t\t<div class=\"elementor-spacer-inner\"><\/div>\n\t\t<\/div>\n\t\t\t\t<\/div>\n\t\t\t\t<\/div>\n\t\t\t\t<div class=\"elementor-element elementor-element-1e2abad0 elementor-hidden-mobile elementor-widget elementor-widget-heading\" data-id=\"1e2abad0\" data-element_type=\"widget\" data-widget_type=\"heading.default\">\n\t\t\t\t<div class=\"elementor-widget-container\">\n\t\t\t<style>\/*! elementor - v3.23.0 - 05-08-2024 *\/\n.elementor-heading-title{padding:0;margin:0;line-height:1}.elementor-widget-heading .elementor-heading-title[class*=elementor-size-]>a{color:inherit;font-size:inherit;line-height:inherit}.elementor-widget-heading .elementor-heading-title.elementor-size-small{font-size:15px}.elementor-widget-heading .elementor-heading-title.elementor-size-medium{font-size:19px}.elementor-widget-heading .elementor-heading-title.elementor-size-large{font-size:29px}.elementor-widget-heading .elementor-heading-title.elementor-size-xl{font-size:39px}.elementor-widget-heading .elementor-heading-title.elementor-size-xxl{font-size:59px}<\/style><h1 class=\"elementor-heading-title elementor-size-default\">Instructions for registration for the 24th Congress of Serbian Dentists<\/h1>\t\t<\/div>\n\t\t\t\t<\/div>\n\t\t\t\t<div class=\"elementor-element elementor-element-6ec0c8a2 elementor-hidden-desktop elementor-hidden-tablet elementor-widget elementor-widget-heading\" data-id=\"6ec0c8a2\" data-element_type=\"widget\" data-widget_type=\"heading.default\">\n\t\t\t\t<div class=\"elementor-widget-container\">\n\t\t\t<h1 class=\"elementor-heading-title elementor-size-default\">Instructions for registration for the 24th Congress of Serbian Dentists<\/h1>\t\t<\/div>\n\t\t\t\t<\/div>\n\t\t\t\t\t<\/div>\n\t\t\t\t<\/div>\n\t\t<div class=\"elementor-element elementor-element-54e40ee e-flex e-con-boxed e-con e-parent\" data-id=\"54e40ee\" data-element_type=\"container\" data-settings=\"{&quot;_ha_eqh_enable&quot;:false}\">\n\t\t\t\t\t<div class=\"e-con-inner\">\n\t\t\t\t<div class=\"elementor-element elementor-element-78caf27 elementor-widget elementor-widget-html\" data-id=\"78caf27\" data-element_type=\"widget\" data-widget_type=\"html.default\">\n\t\t\t\t<div class=\"elementor-widget-container\">\n\t\t\t<!DOCTYPE html>\n<html lang=\"sr\">\n<head>\n    <meta charset=\"UTF-8\">\n    <meta name=\"viewport\" content=\"width=device-width, initial-scale=1.0\">\n    <title>Instrukcije za prijavu na 24. Kongres stomatologa Srbije<\/title>\n    <style>\n        :root {\n            --primary-color: #5F2C58;  \/* Tamnija ljubi\u010dasta *\/\n            --secondary-color: #8E4585; \/* Srednja ljubi\u010dasta *\/\n            --accent-color: #D4AF37;    \/* Zlatna (za hover efekte) *\/\n            --text-color: #333;         \/* Glavni tekst *\/\n            --light-bg: #f9f6fa;       \/* Svijetla pozadina *\/\n        }\n        \n        body {\n            background-color: var(--light-bg);\n            font-family: 'Segoe UI', Tahoma, Geneva, Verdana, sans-serif;\n            line-height: 1.6;\n            color: var(--text-color);\n        }\n        \n        .custom-eposter-container {\n            max-width: 1100px;\n            margin: 3rem auto;\n            padding: 0 1rem;\n        }\n        \n        .custom-eposter-info-card {\n            background-color: #ffffff;\n            border-radius: 12px;\n            box-shadow: 0 10px 30px rgba(95, 44, 88, 0.1);\n            padding: 2.5rem;\n            margin-bottom: 2rem;\n            position: relative;\n            overflow: hidden;\n            transition: transform 0.3s ease, box-shadow 0.3s ease;\n            border-left: 5px solid var(--primary-color);\n        }\n        \n        .custom-eposter-info-card:hover {\n            transform: translateY(-5px);\n            box-shadow: 0 15px 35px rgba(95, 44, 88, 0.15);\n        }\n        \n        .custom-eposter-info-card h2 {\n            color: var(--primary-color); \/* Tamnija ljubi\u010dasta (#5F2C58) *\/\n            font-size: 1.8rem;\n            margin-bottom: 1.5rem;\n            padding-bottom: 0.8rem;\n            position: relative;\n            font-weight: 600;\n        }\n        \n        .custom-eposter-info-card h2::after {\n            content: '';\n            position: absolute;\n            bottom: 0;\n            left: 0;\n            width: 60px;\n            height: 3px;\n            background: linear-gradient(to right, var(--primary-color), var(--secondary-color));\n            border-radius: 3px;\n        }\n        \n        .custom-eposter-info-card ul {\n            list-style-type: none;\n            padding-left: 0;\n        }\n        \n        .custom-eposter-info-card li {\n            color: var(--text-color);\n            font-size: 1.05rem;\n            margin-bottom: 1rem;\n            padding-left: 2rem;\n            position: relative;\n            line-height: 1.7;\n        }\n        \n        .custom-eposter-info-card li::before {\n            content: '\u2022';\n            position: absolute;\n            left: 0;\n            color: var(--secondary-color); \/* Srednja ljubi\u010dasta (#8E4585) *\/\n            font-size: 1.8rem;\n            line-height: 1;\n        }\n        \n        .custom-eposter-info-card.podno\u0161enje li::before {\n            content: '\u27a4';\n            color: red;\n            font-size: 1.2rem;\n            top: 2px;\n        }\n        \n        .custom-eposter-info-card.podno\u0161enje a {\n            color: var(--primary-color);\n            text-decoration: none;\n            border-bottom: 1px dashed var(--primary-color);\n            transition: all 0.3s ease;\n        }\n        \n        .custom-eposter-info-card.podno\u0161enje a:hover {\n            color: var(--secondary-color);\n            border-bottom-color: var(--secondary-color);\n        }\n        \n        .custom-eposter-info-card::before {\n            content: '';\n            position: absolute;\n            top: 0;\n            right: 0;\n            width: 100px;\n            height: 100px;\n            background: radial-gradient(circle, rgba(142, 69, 133, 0.1) 0%, rgba(142, 69, 133, 0) 70%);\n        }\n        \n        .custom-eposter-info-card::after {\n            content: '';\n            position: absolute;\n            bottom: 0;\n            left: 0;\n            width: 100px;\n            height: 100px;\n            background: radial-gradient(circle, rgba(95, 44, 88, 0.1) 0%, rgba(95, 44, 88, 0) 70%);\n        }\n        \n        @media (max-width: 768px) {\n            .custom-eposter-container {\n                padding: 0 1rem;\n                margin: 1.5rem auto;\n            }\n            \n            .custom-eposter-info-card {\n                padding: 1.5rem;\n            }\n            \n            .custom-eposter-info-card h2 {\n                font-size: 1.5rem;\n                color: #333;\n            }\n            \n            .custom-eposter-info-card li {\n                font-size: 1rem;\n                padding-left: 1.8rem;\n            }\n        }\n        \n        \/* Animations *\/\n        @keyframes fadeInUp {\n            from {\n                opacity: 0;\n                transform: translateY(20px);\n            }\n            to {\n                opacity: 1;\n                transform: translateY(0);\n            }\n        }\n        \n        .custom-eposter-info-card h2 {\n            animation: fadeInUp 0.6s ease forwards;\n        }\n        \n        .custom-eposter-info-card li {\n            opacity: 0;\n            animation: fadeInUp 0.6s ease forwards;\n        }\n        \n        .custom-eposter-info-card li:nth-child(1) { animation-delay: 0.2s; }\n        .custom-eposter-info-card li:nth-child(2) { animation-delay: 0.3s; }\n        .custom-eposter-info-card li:nth-child(3) { animation-delay: 0.4s; }\n        .custom-eposter-info-card li:nth-child(4) { animation-delay: 0.5s; }\n        .custom-eposter-info-card li:nth-child(5) { animation-delay: 0.6s; }\n        .custom-eposter-info-card li:nth-child(6) { animation-delay: 0.7s; }\n    <\/style>\n<\/head>\n<body>\n    <div class=\"custom-eposter-container\">\n        <div class=\"custom-eposter-info-card\">\n            <h2>To register for the congress, please follow these steps:<\/h2>\n            <ul>\n            <\/ul>\n        <\/div>\n        <div class=\"custom-eposter-info-card\">\n            <h2>1. Selection of registration type<\/h2>\n            <ul>\n                <li>Select the appropriate registration fee based on your professional status. Options are available for both in-person and online attendance. In-person attendance is limited to 350 participants. Participants who wish to attend in person will receive a confirmation email at the beginning of October.<\/li>\n                <li>Early Registration (until September 30, 2025)<\/li>\n                <li>Dentists: 8,000 RSD<\/li>\n                <li>Nurses, Technicians, Medical Technicians, Dental Technicians, Dental Nurses: 5,600 RSD<\/li>\n                <li>Residents \/ Doctoral Students: 5,600 RSD<\/li>\n                <li>Late registration (October 1\u20137, 2025)<\/li>\n                <li>Dentists: 10,000 RSD<\/li>\n                <li>Nurses, Technicians, Medical Technicians, Dental Technicians, Dental Nurses: 7,000 RSD<\/li>\n                <li>Residents \/ Doctoral Students: 7,000 RSD<\/li>\n                \n                \n\n\n\n                \n            <\/ul>\n        <\/div>\n        <div class=\"custom-eposter-info-card\">\n            <h2>2. Filling out the registration form<\/h2>\n            <ul>\n                <li>You can complete your registration on the official congress website.<\/li>\n                <li>Please enter a valid license number.<\/li>\n            <\/ul>\n        <\/div>\n        <div class=\"custom-eposter-info-card\">\n            <h2>3. Payment of registration fee<\/h2>\n            <ul>\n                <li>For early registration:<\/li>\n                <li>Pay the amount according to the applicable rates (RSD or EUR) to the bank account indicated on the proforma invoice you receive automatically upon successful registration. The proforma invoice is valid for 7 days; after this period, the invoice will be canceled, and you will need to complete the registration process again.<\/li>\n                <li>For late registration:<\/li>\n                <li>Pay the amount according to the applicable rates (RSD or EUR) to the bank account indicated on the proforma invoice you receive automatically upon successful registration. The proforma invoice is valid for 7 days; after this period, the invoice will be canceled, and you will need to complete the registration process again.<\/li>\n            <\/ul>\n        <\/div>\n        <div class=\"custom-eposter-info-card\">\n            <h2>3. Submission of student status documents<\/h2>\n            <ul>\n                <li>If the participant is a student, they must provide a copy of their student ID or a certificate of enrollment.<\/li>\n            <\/ul>\n        <\/div>\n        <div class=\"custom-eposter-info-card\">\n            <h2>4. Registration Confirmation<\/h2>\n            <ul>\n                <li>After successfully submitting the registration form, you will automatically receive a registration confirmation at the email address provided in the form. Please note that the registration confirmation is not proof of participation; payment must be completed according to the instructions to secure your place at the congress.<\/li>\n            <\/ul>\n        <\/div>\n        <div class=\"custom-eposter-info-card\">\n            <h2>Note<\/h2>\n            <ul>\n                <li>Please adhere to the deadlines to take advantage of the discounted registration fees. For additional information or assistance during the registration process, please contact the congress organizers.<\/li>\n            <\/ul>\n        <\/div>\n        <div class=\"custom-eposter-info-card podno\u0161enje\">\n            <h2>Contact for Additional Information<\/h2>\n            <ul>\n                <li>Email: <a href=\"mailto:stomkongres@miross.rs\">stomkongres@miross.rs<\/a><\/li>\n                <li>We look forward to your attendance at the congress!<\/li>\n            <\/ul>\n        <\/div>\n    <\/div>\n<\/body>\n<\/html>\t\t<\/div>\n\t\t\t\t<\/div>\n\t\t\t\t\t<\/div>\n\t\t\t\t<\/div>\n\t\t\t\t<\/div>","protected":false},"excerpt":{"rendered":"<p>Instrukcije za prijavu na 24. Kongres stomatologa Srbije Instrukcije za prijavu na 24. Kongres stomatologa Srbije Instrukcije za prijavu na 24. Kongres stomatologa Srbije Da biste se prijavili za kongres, molimo vas da pratite slede\u0107e korake: 1. Odabir vrste kotizacije Odaberite odgovaraju\u0107u kotizaciju na osnovu va\u0161eg profesionalnog statusa, ponu\u0111ena je opcija za u\u017eivo prisustvo kao [&hellip;]<\/p>","protected":false},"author":1,"featured_media":0,"parent":0,"menu_order":0,"comment_status":"closed","ping_status":"closed","template":"elementor_canvas","meta":[],"_links":{"self":[{"href":"https:\/\/kongresstomatologasrbijesks.rs\/en\/wp-json\/wp\/v2\/pages\/3840"}],"collection":[{"href":"https:\/\/kongresstomatologasrbijesks.rs\/en\/wp-json\/wp\/v2\/pages"}],"about":[{"href":"https:\/\/kongresstomatologasrbijesks.rs\/en\/wp-json\/wp\/v2\/types\/page"}],"author":[{"embeddable":true,"href":"https:\/\/kongresstomatologasrbijesks.rs\/en\/wp-json\/wp\/v2\/users\/1"}],"replies":[{"embeddable":true,"href":"https:\/\/kongresstomatologasrbijesks.rs\/en\/wp-json\/wp\/v2\/comments?post=3840"}],"version-history":[{"count":100,"href":"https:\/\/kongresstomatologasrbijesks.rs\/en\/wp-json\/wp\/v2\/pages\/3840\/revisions"}],"predecessor-version":[{"id":8989,"href":"https:\/\/kongresstomatologasrbijesks.rs\/en\/wp-json\/wp\/v2\/pages\/3840\/revisions\/8989"}],"wp:attachment":[{"href":"https:\/\/kongresstomatologasrbijesks.rs\/en\/wp-json\/wp\/v2\/media?parent=3840"}],"curies":[{"name":"wp","href":"https:\/\/api.w.org\/{rel}","templated":true}]}}